{"id":1063,"date":"2018-06-21T23:55:33","date_gmt":"2018-06-21T21:55:33","guid":{"rendered":"https:\/\/fietsverhuurdousberg.nl\/?page_id=1063"},"modified":"2026-02-12T11:22:35","modified_gmt":"2026-02-12T10:22:35","slug":"privacyverklaring","status":"publish","type":"page","link":"https:\/\/fietsverhuurdousberg.nl\/de\/privacyverklaring\/","title":{"rendered":"Erkl\u00e4rung zum Datenschutz"},"content":{"rendered":"<div data-elementor-type=\"wp-post\" data-elementor-id=\"1063\" class=\"elementor elementor-1063\" data-elementor-post-type=\"page\">\n\t\t\t\t\t\t<section class=\"elementor-section elementor-top-section elementor-element elementor-element-122896ee elementor-section-content-middle elementor-section-boxed elementor-section-height-default elementor-section-height-default\" data-id=\"122896ee\" data-element_type=\"section\" data-e-type=\"section\">\n\t\t\t\t\t\t<div class=\"elementor-container elementor-column-gap-no\">\n\t\t\t\t\t<div class=\"elementor-column elementor-col-100 elementor-top-column elementor-element elementor-element-16381039\" data-id=\"16381039\" data-element_type=\"column\" data-e-type=\"column\">\n\t\t\t<div class=\"elementor-widget-wrap elementor-element-populated\">\n\t\t\t\t\t\t<div class=\"elementor-element elementor-element-441ced6d elementor-widget elementor-widget-heading\" data-id=\"441ced6d\" data-element_type=\"widget\" data-e-type=\"widget\" data-widget_type=\"heading.default\">\n\t\t\t\t<div class=\"elementor-widget-container\">\n\t\t\t\t\t<h1 class=\"elementor-heading-title elementor-size-default\">Erkl\u00e4rung zum Datenschutz<\/h1>\t\t\t\t<\/div>\n\t\t\t\t<\/div>\n\t\t\t\t<section class=\"elementor-section elementor-inner-section elementor-element elementor-element-2001f98f elementor-section-boxed elementor-section-height-default elementor-section-height-default\" data-id=\"2001f98f\" data-element_type=\"section\" data-e-type=\"section\">\n\t\t\t\t\t\t<div class=\"elementor-container elementor-column-gap-default\">\n\t\t\t\t\t<div class=\"elementor-column elementor-col-100 elementor-inner-column elementor-element elementor-element-1f99841a\" data-id=\"1f99841a\" data-element_type=\"column\" data-e-type=\"column\">\n\t\t\t<div class=\"elementor-widget-wrap elementor-element-populated\">\n\t\t\t\t\t\t<div class=\"elementor-element elementor-element-1e0273d4 elementor-widget elementor-widget-text-editor\" data-id=\"1e0273d4\" data-element_type=\"widget\" data-e-type=\"widget\" data-widget_type=\"text-editor.default\">\n\t\t\t\t<div class=\"elementor-widget-container\">\n\t\t\t\t\t\t\t\t\t<p><em>Fietsverhuur Dousberg respektiert die Privatsph\u00e4re seiner Kunden und Besucher und stellt sicher, dass die von Ihnen angegebenen pers\u00f6nlichen Daten vertraulich behandelt werden.<\/em><\/p><p><strong>Zwecke der Verarbeitung<\/strong><\/p><p><em>Ihre pers\u00f6nlichen Daten k\u00f6nnen f\u00fcr verschiedene Zwecke verarbeitet werden. Die verschiedenen Zwecke sind:<\/em><\/p><p><b>Vermietung<\/b><\/p><p><em>Wenn Sie sich entscheiden, ein Fahrrad bei Fietsverhuur Dousberg zu mieten\/reservieren, verarbeiten wir folgende Daten in unserem System: Ihren Namen, Ihre Adresse, Ihre Telefonnummer und Ihre E-Mail-Adresse. Diese Daten werden zum Zweck der Reservierung und der Erstellung der Rechnung verarbeitet.<\/em><\/p><p><b>Kontakt<\/b><\/p><p><em>Wenn Sie m\u00f6chten, dass wir Sie kontaktieren, k\u00f6nnen Sie das Kontaktformular auf unserer Website ausf\u00fcllen. Wenn Sie dieses Formular ausf\u00fcllen, verarbeiten wir Ihren Namen, Ihre E-Mail-Adresse und Ihre Telefonnummer. Diese Daten werden ausschlie\u00dflich zur Kontaktaufnahme mit Ihnen verwendet. Diese Daten werden nicht f\u00fcr andere Zwecke verwendet.<\/em><\/p><p><b>Newsletter<\/b><\/p><p><em>Wenn Sie mit dem Newsletter \u00fcber die neuesten Nachrichten und Angebote informiert werden m\u00f6chten, tragen Sie bitte Ihre E-Mail-Adresse unter der Rubrik Newsletter ein. Sie erhalten h\u00f6chstens einmal im Monat einen Newsletter.<\/em><\/p><p><b>Finanzielle Verwaltung<\/b><\/p><p><em>Wir sind von den Steuerbeh\u00f6rden gesetzlich verpflichtet, unsere Aufzeichnungen mit Ihren <\/em><br \/><em>Rechnungs-, Zahlungs- und Reservierungsdaten 7 Jahre lang aufbewahren. Danach verwenden wir anonyme Daten nur noch f\u00fcr die interne Berichterstattung.<\/em><\/p><p><b>Weitergabe pers\u00f6nlicher Daten an Dritte<\/b><\/p><p><em>Fahrradverleih Dousberg verarbeitet die oben genannten personenbezogenen Daten f\u00fcr eigene Zwecke. Sie bedient sich jedoch Dritter (Auftragsverarbeiter), die aufgrund ihrer Aufgaben ebenfalls mit Ihren personenbezogenen Daten umgehen.<\/em><\/p><p><b>Mine Fahrradverleih\u00a0<\/b><\/p><p><em>Wir nutzen die Dienste von Mijnfietsverhuur und dessen Systeme. Service bedeutet: Vornahme der Reservierung, Versand der Best\u00e4tigung per E-Mail und Erstellung der Rechnung. Aus diesem Grund haben sie Zugriff auf die folgenden pers\u00f6nlichen Daten: Name, Adresse, E-Mail-Adressen und Telefonnummern.<\/em><\/p><p><b>Dormio Resort Maastricht<\/b><\/p><p><em>Der Fahrradverleih Dousberg arbeitet mit dem Dormio Resort Maastricht zusammen. Es besteht die M\u00f6glichkeit, w\u00e4hrend des Buchungsvorgangs ein Fahrrad im Dormio Resort Maastricht zu reservieren. Im Rahmen dieser Reservierung werden die folgenden pers\u00f6nlichen Daten verwendet: Name, E-Mail und Telefonnummer. Dies wird verwendet, um die Reservierung und die Rechnung korrekt zu bearbeiten.<\/em><\/p><p><b>Andere Drittparteien<\/b><\/p><p><em>Zus\u00e4tzlich zu den oben beschriebenen Dritten verwenden wir auch das folgende Tool, das keine pers\u00f6nlichen Daten weitergibt. Diese Dritten verarbeiten keine personenbezogenen Daten oder verarbeiten diese Daten anonymisiert. Dies ist Google Analytics.<\/em><\/p><p><b>Sicherheit<\/b><\/p><p><em>Wir gehen mit den personenbezogenen Daten, die Sie uns anvertrauen, sorgf\u00e4ltig um und ergreifen geeignete technische und organisatorische Ma\u00dfnahmen, um Ihre personenbezogenen Daten zu sch\u00fctzen. So stellen wir zum Beispiel sicher, dass nur die notwendigen Personen Zugang zu Ihren Daten haben. So werden beispielsweise alle Daten, die zwischen Benutzer und Webserver gesendet werden, \u00fcber eine sichere SSL-Verbindung \u00fcbertragen, und wir sorgen daf\u00fcr, dass die Website immer auf dem neuesten Stand ist.<\/em><\/p><p><strong>Zugang, Berichtigung und Recht auf Einspruch<\/strong><\/p><p><em>Wenn Ihre Daten dem Fietsverhuur Dousberg bekannt sind, haben Sie die M\u00f6glichkeit, Ihre pers\u00f6nlichen Daten einzusehen. Wenn die von uns bereitgestellten Informationen Ungenauigkeiten enthalten, k\u00f6nnen Sie uns schriftlich auffordern, die Informationen zu \u00e4ndern. Sie k\u00f6nnen uns auch auffordern, Ihre pers\u00f6nlichen Daten zu l\u00f6schen. Wenn Sie nicht m\u00f6chten, dass wir Ihnen Informationen \u00fcber unsere Produkte und Dienstleistungen zusenden, k\u00f6nnen Sie uns dies nat\u00fcrlich auch mitteilen. Wir werden Ihre Anfragen so schnell wie m\u00f6glich bearbeiten, auf jeden Fall aber innerhalb von vier Wochen nach Erhalt.<\/em><\/p><p>Sie k\u00f6nnen Ihre schriftlichen Anfragen an folgende Adresse senden:<\/p><p>Dousberg Fahrradverleih<br \/>Der Wilhelmus 2<br \/>6216GK Maastricht<\/p><p>Oder per E-Mail an: info@fietsverhuurdousberg.nl<\/p><p>Wenn Sie nicht damit einverstanden sind, wie wir Ihre Daten behandeln, k\u00f6nnen Sie sich an die Datenschutzbeh\u00f6rde wenden.<\/p>\t\t\t\t\t\t\t\t<\/div>\n\t\t\t\t<\/div>\n\t\t\t\t\t<\/div>\n\t\t<\/div>\n\t\t\t\t\t<\/div>\n\t\t<\/section>\n\t\t\t\t\t<\/div>\n\t\t<\/div>\n\t\t\t\t\t<\/div>\n\t\t<\/section>\n\t\t\t\t<\/div>","protected":false},"excerpt":{"rendered":"<p>Privacyverklaring Fietsverhuur Dousberg respecteert de privacy van haar klanten en bezoekers en draagt zorg voor de persoonlijke informatie die u ons verschaft vertrouwelijk wordt behandeld. Doeleinden voor verwerking Uw persoonsgegevens kunnen verwerkt worden voor verschillende doeleinden. De verschillende doeleinden zijn: Verhuur Indien u besluit een fiets te huren\/reserveren bij Fietsverhuur Dousberg dan verwerken wij de [&hellip;]<\/p>\n","protected":false},"author":1,"featured_media":0,"parent":0,"menu_order":0,"comment_status":"closed","ping_status":"closed","template":"elementor_header_footer","meta":{"site-sidebar-layout":"default","site-content-layout":"","ast-site-content-layout":"default","site-content-style":"default","site-sidebar-style":"default","ast-global-header-display":"","ast-banner-title-visibility":"","ast-main-header-display":"","ast-hfb-above-header-display":"","ast-hfb-below-header-display":"","ast-hfb-mobile-header-display":"","site-post-title":"","ast-breadcrumbs-content":"","ast-featured-img":"","footer-sml-layout":"","ast-disable-related-posts":"","theme-transparent-header-meta":"","adv-header-id-meta":"","stick-header-meta":"","header-above-stick-meta":"","header-main-stick-meta":"","header-below-stick-meta":"","astra-migrate-meta-layouts":"default","ast-page-background-enabled":"default","ast-page-background-meta":{"desktop":{"background-color":"var(--ast-global-color-4)","background-image":"","background-repeat":"repeat","background-position":"center center","background-size":"auto","background-attachment":"scroll","background-type":"","background-media":"","overlay-type":"","overlay-color":"","overlay-opacity":"","overlay-gradient":""},"tablet":{"background-color":"","background-image":"","background-repeat":"repeat","background-position":"center center","background-size":"auto","background-attachment":"scroll","background-type":"","background-media":"","overlay-type":"","overlay-color":"","overlay-opacity":"","overlay-gradient":""},"mobile":{"background-color":"","background-image":"","background-repeat":"repeat","background-position":"center center","background-size":"auto","background-attachment":"scroll","background-type":"","background-media":"","overlay-type":"","overlay-color":"","overlay-opacity":"","overlay-gradient":""}},"ast-content-background-meta":{"desktop":{"background-color":"var(--ast-global-color-5)","background-image":"","background-repeat":"repeat","background-position":"center center","background-size":"auto","background-attachment":"scroll","background-type":"","background-media":"","overlay-type":"","overlay-color":"","overlay-opacity":"","overlay-gradient":""},"tablet":{"background-color":"var(--ast-global-color-5)","background-image":"","background-repeat":"repeat","background-position":"center center","background-size":"auto","background-attachment":"scroll","background-type":"","background-media":"","overlay-type":"","overlay-color":"","overlay-opacity":"","overlay-gradient":""},"mobile":{"background-color":"var(--ast-global-color-5)","background-image":"","background-repeat":"repeat","background-position":"center center","background-size":"auto","background-attachment":"scroll","background-type":"","background-media":"","overlay-type":"","overlay-color":"","overlay-opacity":"","overlay-gradient":""}},"footnotes":""},"class_list":["post-1063","page","type-page","status-publish","hentry"],"_links":{"self":[{"href":"https:\/\/fietsverhuurdousberg.nl\/de\/wp-json\/wp\/v2\/pages\/1063","targetHints":{"allow":["GET"]}}],"collection":[{"href":"https:\/\/fietsverhuurdousberg.nl\/de\/wp-json\/wp\/v2\/pages"}],"about":[{"href":"https:\/\/fietsverhuurdousberg.nl\/de\/wp-json\/wp\/v2\/types\/page"}],"author":[{"embeddable":true,"href":"https:\/\/fietsverhuurdousberg.nl\/de\/wp-json\/wp\/v2\/users\/1"}],"replies":[{"embeddable":true,"href":"https:\/\/fietsverhuurdousberg.nl\/de\/wp-json\/wp\/v2\/comments?post=1063"}],"version-history":[{"count":14,"href":"https:\/\/fietsverhuurdousberg.nl\/de\/wp-json\/wp\/v2\/pages\/1063\/revisions"}],"predecessor-version":[{"id":4119,"href":"https:\/\/fietsverhuurdousberg.nl\/de\/wp-json\/wp\/v2\/pages\/1063\/revisions\/4119"}],"wp:attachment":[{"href":"https:\/\/fietsverhuurdousberg.nl\/de\/wp-json\/wp\/v2\/media?parent=1063"}],"curies":[{"name":"wp","href":"https:\/\/api.w.org\/{rel}","templated":true}]}}