{"id":886,"date":"2018-05-16T17:18:34","date_gmt":"2018-05-16T15:18:34","guid":{"rendered":"https:\/\/fietsverhuurdousberg.nl\/?page_id=886"},"modified":"2026-03-26T10:23:34","modified_gmt":"2026-03-26T09:23:34","slug":"home","status":"publish","type":"page","link":"https:\/\/fietsverhuurdousberg.nl\/de\/","title":{"rendered":"Startseite"},"content":{"rendered":"<div data-elementor-type=\"wp-post\" data-elementor-id=\"886\" class=\"elementor elementor-886\" data-elementor-post-type=\"page\">\n\t\t\t\t\t\t<section class=\"elementor-section elementor-top-section elementor-element elementor-element-15d7d7d9 elementor-section-content-middle elementor-section-boxed elementor-section-height-default elementor-section-height-default\" data-id=\"15d7d7d9\" data-element_type=\"section\" data-e-type=\"section\" data-settings=\"{&quot;background_background&quot;:&quot;classic&quot;}\">\n\t\t\t\t\t\t<div class=\"elementor-container elementor-column-gap-default\">\n\t\t\t\t\t<div class=\"elementor-column elementor-col-50 elementor-top-column elementor-element elementor-element-3ed48e09\" data-id=\"3ed48e09\" data-element_type=\"column\" data-e-type=\"column\">\n\t\t\t<div class=\"elementor-widget-wrap\">\n\t\t\t\t\t\t\t<\/div>\n\t\t<\/div>\n\t\t\t\t<div class=\"elementor-column elementor-col-50 elementor-top-column elementor-element elementor-element-742ea28\" data-id=\"742ea28\" data-element_type=\"column\" data-e-type=\"column\">\n\t\t\t<div class=\"elementor-widget-wrap elementor-element-populated\">\n\t\t\t\t\t\t<div class=\"elementor-element elementor-element-27d9c8e2 elementor-align-right elementor-mobile-align-center elementor-widget elementor-widget-button\" data-id=\"27d9c8e2\" data-element_type=\"widget\" data-e-type=\"widget\" data-widget_type=\"button.default\">\n\t\t\t\t<div class=\"elementor-widget-container\">\n\t\t\t\t\t\t\t\t\t<div class=\"elementor-button-wrapper\">\n\t\t\t\t\t<a class=\"elementor-button elementor-button-link elementor-size-md\" href=\"https:\/\/dousberg.fietsreserveren.nl\/\" target=\"_blank\">\n\t\t\t\t\t\t<span class=\"elementor-button-content-wrapper\">\n\t\t\t\t\t\t\t\t\t<span class=\"elementor-button-text\">Hier klicken, um online zu buchen<\/span>\n\t\t\t\t\t<\/span>\n\t\t\t\t\t<\/a>\n\t\t\t\t<\/div>\n\t\t\t\t\t\t\t\t<\/div>\n\t\t\t\t<\/div>\n\t\t\t\t\t<\/div>\n\t\t<\/div>\n\t\t\t\t\t<\/div>\n\t\t<\/section>\n\t\t\t\t<section class=\"elementor-section elementor-top-section elementor-element elementor-element-e77abd5 elementor-section-stretched elementor-section-full_width elementor-section-content-space-evenly elementor-section-height-default elementor-section-height-default\" data-id=\"e77abd5\" data-element_type=\"section\" data-e-type=\"section\" data-settings=\"{&quot;stretch_section&quot;:&quot;section-stretched&quot;}\">\n\t\t\t\t\t\t<div class=\"elementor-container elementor-column-gap-narrow\">\n\t\t\t\t\t<div class=\"elementor-column elementor-col-100 elementor-top-column elementor-element elementor-element-8a37df6\" data-id=\"8a37df6\" data-element_type=\"column\" data-e-type=\"column\">\n\t\t\t<div class=\"elementor-widget-wrap elementor-element-populated\">\n\t\t\t\t\t\t<section class=\"elementor-section elementor-inner-section elementor-element elementor-element-c6c275d elementor-section-boxed elementor-section-height-default elementor-section-height-default\" data-id=\"c6c275d\" data-element_type=\"section\" data-e-type=\"section\">\n\t\t\t\t\t\t<div class=\"elementor-container elementor-column-gap-default\">\n\t\t\t\t\t<div class=\"elementor-column elementor-col-25 elementor-inner-column elementor-element elementor-element-bc8463e\" data-id=\"bc8463e\" data-element_type=\"column\" data-e-type=\"column\">\n\t\t\t<div class=\"elementor-widget-wrap elementor-element-populated\">\n\t\t\t\t\t\t<div class=\"elementor-element elementor-element-6145561 elementor-widget elementor-widget-heading\" data-id=\"6145561\" data-element_type=\"widget\" data-e-type=\"widget\" data-widget_type=\"heading.default\">\n\t\t\t\t<div class=\"elementor-widget-container\">\n\t\t\t\t\t<h3 class=\"elementor-heading-title elementor-size-default\">Gef\u00fchrte Radtour<\/h3>\t\t\t\t<\/div>\n\t\t\t\t<\/div>\n\t\t\t\t<div class=\"elementor-element elementor-element-77828d2 elementor-widget elementor-widget-image\" data-id=\"77828d2\" data-element_type=\"widget\" data-e-type=\"widget\" data-widget_type=\"image.default\">\n\t\t\t\t<div class=\"elementor-widget-container\">\n\t\t\t\t\t\t\t\t\t\t\t\t\t\t\t<img fetchpriority=\"high\" decoding=\"async\" width=\"1024\" height=\"680\" src=\"https:\/\/fietsverhuurdousberg.nl\/wp-content\/uploads\/2018\/06\/bike-1024x680.jpg\" class=\"attachment-large size-large wp-image-975\" alt=\"\" srcset=\"https:\/\/fietsverhuurdousberg.nl\/wp-content\/uploads\/2018\/06\/bike-1024x680.jpg 1024w, https:\/\/fietsverhuurdousberg.nl\/wp-content\/uploads\/2018\/06\/bike-300x199.jpg 300w, https:\/\/fietsverhuurdousberg.nl\/wp-content\/uploads\/2018\/06\/bike-768x510.jpg 768w, https:\/\/fietsverhuurdousberg.nl\/wp-content\/uploads\/2018\/06\/bike.jpg 1920w\" sizes=\"(max-width: 1024px) 100vw, 1024px\" \/>\t\t\t\t\t\t\t\t\t\t\t\t\t\t\t<\/div>\n\t\t\t\t<\/div>\n\t\t\t\t<div class=\"elementor-element elementor-element-81efe6f elementor-widget elementor-widget-text-editor\" data-id=\"81efe6f\" data-element_type=\"widget\" data-e-type=\"widget\" data-widget_type=\"text-editor.default\">\n\t\t\t\t<div class=\"elementor-widget-container\">\n\t\t\t\t\t\t\t\t\t<p data-start=\"125\" data-end=\"482\">Machen Sie es sich bequem und entdecken Sie Maastricht in Begleitung eines erfahrenen Guides. Kein l\u00e4stiges Suchen nach Wegweisern oder Routenplanung \u2013 genie\u00dfen Sie einfach die Umgebung. Unser einheimischer Guide f\u00fchrt Sie zu den sch\u00f6nsten Orten in Maastricht und Umgebung und erz\u00e4hlt Ihnen dabei unterhaltsame Geschichten und interessante Fakten.<\/p><p data-start=\"484\" data-end=\"734\">Grunds\u00e4tzlich fahren wir eine festgelegte, sorgf\u00e4ltig zusammengestellte Route entlang der Highlights. Selbstverst\u00e4ndlich k\u00f6nnen wir die Route oder die Inhalte nach Absprache anpassen, damit sie perfekt zu Ihren W\u00fcnschen passt. Auch die Dauer der Tour ist verhandelbar.<\/p><p data-start=\"736\" data-end=\"817\" data-is-last-node=\"\" data-is-only-node=\"\">So erleben Sie Maastricht auf entspannte, pers\u00f6nliche und einzigartige Weise.<\/p>\t\t\t\t\t\t\t\t<\/div>\n\t\t\t\t<\/div>\n\t\t\t\t<div class=\"elementor-element elementor-element-8ee692a elementor-align-center elementor-widget elementor-widget-button\" data-id=\"8ee692a\" data-element_type=\"widget\" data-e-type=\"widget\" data-widget_type=\"button.default\">\n\t\t\t\t<div class=\"elementor-widget-container\">\n\t\t\t\t\t\t\t\t\t<div class=\"elementor-button-wrapper\">\n\t\t\t\t\t<a class=\"elementor-button elementor-button-link elementor-size-sm\" href=\"https:\/\/fietsverhuurdousberg.nl\/de\/fietstour-met-gids\/\">\n\t\t\t\t\t\t<span class=\"elementor-button-content-wrapper\">\n\t\t\t\t\t\t\t\t\t<span class=\"elementor-button-text\">Klicken Sie hier f\u00fcr weitere Informationen<\/span>\n\t\t\t\t\t<\/span>\n\t\t\t\t\t<\/a>\n\t\t\t\t<\/div>\n\t\t\t\t\t\t\t\t<\/div>\n\t\t\t\t<\/div>\n\t\t\t\t\t<\/div>\n\t\t<\/div>\n\t\t\t\t<div class=\"elementor-column elementor-col-25 elementor-inner-column elementor-element elementor-element-f532c5c\" data-id=\"f532c5c\" data-element_type=\"column\" data-e-type=\"column\">\n\t\t\t<div class=\"elementor-widget-wrap elementor-element-populated\">\n\t\t\t\t\t\t<div class=\"elementor-element elementor-element-c03d1fe elementor-widget elementor-widget-heading\" data-id=\"c03d1fe\" data-element_type=\"widget\" data-e-type=\"widget\" data-widget_type=\"heading.default\">\n\t\t\t\t<div class=\"elementor-widget-container\">\n\t\t\t\t\t<h3 class=\"elementor-heading-title elementor-size-default\">Dormio Resort Maastricht<\/h3>\t\t\t\t<\/div>\n\t\t\t\t<\/div>\n\t\t\t\t<div class=\"elementor-element elementor-element-7db98ce elementor-widget elementor-widget-image\" data-id=\"7db98ce\" data-element_type=\"widget\" data-e-type=\"widget\" data-widget_type=\"image.default\">\n\t\t\t\t<div class=\"elementor-widget-container\">\n\t\t\t\t\t\t\t\t\t\t\t\t\t\t\t<img decoding=\"async\" width=\"1024\" height=\"639\" src=\"https:\/\/fietsverhuurdousberg.nl\/wp-content\/uploads\/2026\/03\/dormio.jpg\" class=\"attachment-large size-large wp-image-4226\" alt=\"\" srcset=\"https:\/\/fietsverhuurdousberg.nl\/wp-content\/uploads\/2026\/03\/dormio.jpg 1024w, https:\/\/fietsverhuurdousberg.nl\/wp-content\/uploads\/2026\/03\/dormio-300x187.jpg 300w, https:\/\/fietsverhuurdousberg.nl\/wp-content\/uploads\/2026\/03\/dormio-768x479.jpg 768w, https:\/\/fietsverhuurdousberg.nl\/wp-content\/uploads\/2026\/03\/dormio-18x12.jpg 18w\" sizes=\"(max-width: 1024px) 100vw, 1024px\" \/>\t\t\t\t\t\t\t\t\t\t\t\t\t\t\t<\/div>\n\t\t\t\t<\/div>\n\t\t\t\t<div class=\"elementor-element elementor-element-06b9f4f elementor-widget elementor-widget-text-editor\" data-id=\"06b9f4f\" data-element_type=\"widget\" data-e-type=\"widget\" data-widget_type=\"text-editor.default\">\n\t\t\t\t<div class=\"elementor-widget-container\">\n\t\t\t\t\t\t\t\t\t<p data-start=\"73\" data-end=\"269\">Der Fahrradverleih Dousberg befindet sich auf dem Wilhelmus, dem zentralen Platz des Dormio Resort Maastricht. Sie finden uns direkt neben der Rezeption, wo bereits einige unserer Fahrr\u00e4der f\u00fcr Sie bereitstehen.<\/p><p data-start=\"271\" data-end=\"579\">Nur zehn Fahrradminuten vom lebhaften Vrijthof entfernt, ist das Dormio Resort Maastricht der luxuri\u00f6seste Ferienpark in Limburg. Dank dieser einzigartigen Lage ist es der perfekte Ausgangspunkt, um das pulsierende Stadtzentrum von Maastricht zu erkunden und die wundersch\u00f6ne Natur S\u00fcdlimburgs zu genie\u00dfen.<\/p><p data-start=\"581\" data-end=\"718\">Ob Sie eine entspannte Fahrt durch die h\u00fcgelige Landschaft oder einen Besuch im historischen Stadtzentrum bevorzugen, Ihre Radtour beginnt bei uns.<\/p>\t\t\t\t\t\t\t\t<\/div>\n\t\t\t\t<\/div>\n\t\t\t\t<div class=\"elementor-element elementor-element-3cd5113 elementor-widget elementor-widget-spacer\" data-id=\"3cd5113\" data-element_type=\"widget\" data-e-type=\"widget\" data-widget_type=\"spacer.default\">\n\t\t\t\t<div class=\"elementor-widget-container\">\n\t\t\t\t\t\t\t<div class=\"elementor-spacer\">\n\t\t\t<div class=\"elementor-spacer-inner\"><\/div>\n\t\t<\/div>\n\t\t\t\t\t\t<\/div>\n\t\t\t\t<\/div>\n\t\t\t\t<div class=\"elementor-element elementor-element-663b937 elementor-align-center elementor-widget elementor-widget-button\" data-id=\"663b937\" data-element_type=\"widget\" data-e-type=\"widget\" data-widget_type=\"button.default\">\n\t\t\t\t<div class=\"elementor-widget-container\">\n\t\t\t\t\t\t\t\t\t<div class=\"elementor-button-wrapper\">\n\t\t\t\t\t<a class=\"elementor-button elementor-button-link elementor-size-sm\" href=\"https:\/\/www.dormio.nl\/resorts-hotels\/dormio-resort-maastricht\" target=\"_blank\">\n\t\t\t\t\t\t<span class=\"elementor-button-content-wrapper\">\n\t\t\t\t\t\t\t\t\t<span class=\"elementor-button-text\">Buchen Sie Ihren Aufenthalt hier<\/span>\n\t\t\t\t\t<\/span>\n\t\t\t\t\t<\/a>\n\t\t\t\t<\/div>\n\t\t\t\t\t\t\t\t<\/div>\n\t\t\t\t<\/div>\n\t\t\t\t\t<\/div>\n\t\t<\/div>\n\t\t\t\t<div class=\"elementor-column elementor-col-25 elementor-inner-column elementor-element elementor-element-7a62249\" data-id=\"7a62249\" data-element_type=\"column\" data-e-type=\"column\">\n\t\t\t<div class=\"elementor-widget-wrap elementor-element-populated\">\n\t\t\t\t\t\t<div class=\"elementor-element elementor-element-8372bf3 elementor-widget elementor-widget-heading\" data-id=\"8372bf3\" data-element_type=\"widget\" data-e-type=\"widget\" data-widget_type=\"heading.default\">\n\t\t\t\t<div class=\"elementor-widget-container\">\n\t\t\t\t\t<h3 class=\"elementor-heading-title elementor-size-default\">Fahrradrouten<\/h3>\t\t\t\t<\/div>\n\t\t\t\t<\/div>\n\t\t\t\t<div class=\"elementor-element elementor-element-a51b83b elementor-widget elementor-widget-image\" data-id=\"a51b83b\" data-element_type=\"widget\" data-e-type=\"widget\" data-widget_type=\"image.default\">\n\t\t\t\t<div class=\"elementor-widget-container\">\n\t\t\t\t\t\t\t\t\t\t\t\t\t\t\t<img decoding=\"async\" width=\"1024\" height=\"639\" src=\"https:\/\/fietsverhuurdousberg.nl\/wp-content\/uploads\/2026\/03\/route-stippel-2.jpg\" class=\"attachment-large size-large wp-image-4222\" alt=\"\" srcset=\"https:\/\/fietsverhuurdousberg.nl\/wp-content\/uploads\/2026\/03\/route-stippel-2.jpg 1024w, https:\/\/fietsverhuurdousberg.nl\/wp-content\/uploads\/2026\/03\/route-stippel-2-300x187.jpg 300w, https:\/\/fietsverhuurdousberg.nl\/wp-content\/uploads\/2026\/03\/route-stippel-2-768x479.jpg 768w, https:\/\/fietsverhuurdousberg.nl\/wp-content\/uploads\/2026\/03\/route-stippel-2-18x12.jpg 18w\" sizes=\"(max-width: 1024px) 100vw, 1024px\" \/>\t\t\t\t\t\t\t\t\t\t\t\t\t\t\t<\/div>\n\t\t\t\t<\/div>\n\t\t\t\t<div class=\"elementor-element elementor-element-4963198 elementor-widget elementor-widget-text-editor\" data-id=\"4963198\" data-element_type=\"widget\" data-e-type=\"widget\" data-widget_type=\"text-editor.default\">\n\t\t\t\t<div class=\"elementor-widget-container\">\n\t\t\t\t\t\t\t\t\t<p data-start=\"184\" data-end=\"531\">Maastricht und Umgebung lassen sich ideal mit dem Fahrrad erkunden. Bei Fietsverhuur Dousberg haben wir f\u00fcr Sie eine Reihe herrlicher Routen zusammengestellt, die alle an unserer Verleihstation starten. Ob Sie eine kurze Stadtrundfahrt, eine Tour durch die H\u00fcgellandschaft S\u00fcdlimburgs oder eine Kombination aus beidem bevorzugen \u2013 hier ist f\u00fcr jeden etwas dabei.<\/p><p data-start=\"533\" data-end=\"852\" class=\"translation-block\">M\u00f6chten Sie Ihre Route lieber selbst planen? Das geht ganz einfach \u00fcber <a class=\"decorated-link\" href=\"https:\/\/www.fietsnetwerk.nl\" target=\"_new\" rel=\"noopener\" data-start=\"593\" data-end=\"636\">Fietsnetwerk<\/a> oder <a class=\"decorated-link\" href=\"https:\/\/www.fietsknoop.nl\" target=\"_new\" rel=\"noopener\" data-start=\"640\" data-end=\"679\">Fietsknoop<\/a>. Dort finden Sie Routenvorschl\u00e4ge oder k\u00f6nnen mithilfe von Knotenpunkten Ihre eigene Route erstellen. Diese Routen k\u00f6nnen Sie auch bequem in der Route.nl-, Fietsnetwerk- oder Fietsknoop-App herunterladen.<\/p>\t\t\t\t\t\t\t\t<\/div>\n\t\t\t\t<\/div>\n\t\t\t\t<div class=\"elementor-element elementor-element-15d868f elementor-widget elementor-widget-spacer\" data-id=\"15d868f\" data-element_type=\"widget\" data-e-type=\"widget\" data-widget_type=\"spacer.default\">\n\t\t\t\t<div class=\"elementor-widget-container\">\n\t\t\t\t\t\t\t<div class=\"elementor-spacer\">\n\t\t\t<div class=\"elementor-spacer-inner\"><\/div>\n\t\t<\/div>\n\t\t\t\t\t\t<\/div>\n\t\t\t\t<\/div>\n\t\t\t\t<div class=\"elementor-element elementor-element-16e734e elementor-align-center elementor-widget elementor-widget-button\" data-id=\"16e734e\" data-element_type=\"widget\" data-e-type=\"widget\" data-widget_type=\"button.default\">\n\t\t\t\t<div class=\"elementor-widget-container\">\n\t\t\t\t\t\t\t\t\t<div class=\"elementor-button-wrapper\">\n\t\t\t\t\t<a class=\"elementor-button elementor-button-link elementor-size-sm\" href=\"https:\/\/fietsverhuurdousberg.nl\/de\/routes\/\">\n\t\t\t\t\t\t<span class=\"elementor-button-content-wrapper\">\n\t\t\t\t\t\t\t\t\t<span class=\"elementor-button-text\">Klicken Sie hier f\u00fcr unsere Routen<\/span>\n\t\t\t\t\t<\/span>\n\t\t\t\t\t<\/a>\n\t\t\t\t<\/div>\n\t\t\t\t\t\t\t\t<\/div>\n\t\t\t\t<\/div>\n\t\t\t\t\t<\/div>\n\t\t<\/div>\n\t\t\t\t<div class=\"elementor-column elementor-col-25 elementor-inner-column elementor-element elementor-element-f74bb2b\" data-id=\"f74bb2b\" data-element_type=\"column\" data-e-type=\"column\">\n\t\t\t<div class=\"elementor-widget-wrap elementor-element-populated\">\n\t\t\t\t\t\t<div class=\"elementor-element elementor-element-b5eac48 elementor-widget elementor-widget-heading\" data-id=\"b5eac48\" data-element_type=\"widget\" data-e-type=\"widget\" data-widget_type=\"heading.default\">\n\t\t\t\t<div class=\"elementor-widget-container\">\n\t\t\t\t\t<h3 class=\"elementor-heading-title elementor-size-default\">Fahrr\u00e4der und Tarife<\/h3>\t\t\t\t<\/div>\n\t\t\t\t<\/div>\n\t\t\t\t<div class=\"elementor-element elementor-element-6f52132 elementor-widget elementor-widget-image\" data-id=\"6f52132\" data-element_type=\"widget\" data-e-type=\"widget\" data-widget_type=\"image.default\">\n\t\t\t\t<div class=\"elementor-widget-container\">\n\t\t\t\t\t\t\t\t\t\t\t\t\t\t\t<img loading=\"lazy\" decoding=\"async\" width=\"1024\" height=\"638\" src=\"https:\/\/fietsverhuurdousberg.nl\/wp-content\/uploads\/2026\/02\/471464927_1108398747454627_6509743111209044416_n-2-1024x638.jpg\" class=\"attachment-large size-large wp-image-4086\" alt=\"\" srcset=\"https:\/\/fietsverhuurdousberg.nl\/wp-content\/uploads\/2026\/02\/471464927_1108398747454627_6509743111209044416_n-2-1024x638.jpg 1024w, https:\/\/fietsverhuurdousberg.nl\/wp-content\/uploads\/2026\/02\/471464927_1108398747454627_6509743111209044416_n-2-300x187.jpg 300w, https:\/\/fietsverhuurdousberg.nl\/wp-content\/uploads\/2026\/02\/471464927_1108398747454627_6509743111209044416_n-2-768x479.jpg 768w, https:\/\/fietsverhuurdousberg.nl\/wp-content\/uploads\/2026\/02\/471464927_1108398747454627_6509743111209044416_n-2-1536x958.jpg 1536w, https:\/\/fietsverhuurdousberg.nl\/wp-content\/uploads\/2026\/02\/471464927_1108398747454627_6509743111209044416_n-2-18x12.jpg 18w, https:\/\/fietsverhuurdousberg.nl\/wp-content\/uploads\/2026\/02\/471464927_1108398747454627_6509743111209044416_n-2.jpg 1920w\" sizes=\"(max-width: 1024px) 100vw, 1024px\" \/>\t\t\t\t\t\t\t\t\t\t\t\t\t\t\t<\/div>\n\t\t\t\t<\/div>\n\t\t\t\t<div class=\"elementor-element elementor-element-95fdf53 elementor-widget elementor-widget-text-editor\" data-id=\"95fdf53\" data-element_type=\"widget\" data-e-type=\"widget\" data-widget_type=\"text-editor.default\">\n\t\t\t\t<div class=\"elementor-widget-container\">\n\t\t\t\t\t\t\t\t\t<p data-start=\"139\" data-end=\"340\">Maastricht und seine Umgebung lassen sich ideal mit dem Fahrrad erkunden. Das Stadtzentrum erreichen Sie in 10 Minuten, St. Pietersberg in 15 Minuten und Valkenburg in etwa 45 Minuten.v<\/p><p data-start=\"342\" data-end=\"714\">Wir bieten eine gro\u00dfe Auswahl an Fahrr\u00e4dern f\u00fcr jeden Bedarf. Ob Kinderfahrr\u00e4der, komfortable Citybikes mit verschiedenen G\u00e4ngen, E-Bikes mit Tretunterst\u00fctzung oder ger\u00e4umige Lastenr\u00e4der \u2013 bei uns finden Sie das passende Modell. F\u00fcr noch mehr Fahrspa\u00df gibt es sogar ein lustiges Kinder-Tandem. Zus\u00e4tzlich bieten wir Ihnen diverses Zubeh\u00f6r f\u00fcr maximalen Komfort und Sicherheit.<\/p><p data-start=\"716\" data-end=\"826\">Neugierig auf die Optionen und die dazugeh\u00f6rigen Preise? Hier finden Sie unsere Preise f\u00fcr Fahrr\u00e4der und Zubeh\u00f6r.<\/p>\t\t\t\t\t\t\t\t<\/div>\n\t\t\t\t<\/div>\n\t\t\t\t<div class=\"elementor-element elementor-element-8806caf elementor-widget elementor-widget-spacer\" data-id=\"8806caf\" data-element_type=\"widget\" data-e-type=\"widget\" data-widget_type=\"spacer.default\">\n\t\t\t\t<div class=\"elementor-widget-container\">\n\t\t\t\t\t\t\t<div class=\"elementor-spacer\">\n\t\t\t<div class=\"elementor-spacer-inner\"><\/div>\n\t\t<\/div>\n\t\t\t\t\t\t<\/div>\n\t\t\t\t<\/div>\n\t\t\t\t<div class=\"elementor-element elementor-element-fb882d7 elementor-align-center elementor-widget elementor-widget-button\" data-id=\"fb882d7\" data-element_type=\"widget\" data-e-type=\"widget\" data-widget_type=\"button.default\">\n\t\t\t\t<div class=\"elementor-widget-container\">\n\t\t\t\t\t\t\t\t\t<div class=\"elementor-button-wrapper\">\n\t\t\t\t\t<a class=\"elementor-button elementor-button-link elementor-size-sm\" href=\"https:\/\/fietsverhuurdousberg.nl\/de\/fietsen\/\">\n\t\t\t\t\t\t<span class=\"elementor-button-content-wrapper\">\n\t\t\t\t\t\t\t\t\t<span class=\"elementor-button-text\">Fahrr\u00e4der und Tarife<\/span>\n\t\t\t\t\t<\/span>\n\t\t\t\t\t<\/a>\n\t\t\t\t<\/div>\n\t\t\t\t\t\t\t\t<\/div>\n\t\t\t\t<\/div>\n\t\t\t\t\t<\/div>\n\t\t<\/div>\n\t\t\t\t\t<\/div>\n\t\t<\/section>\n\t\t\t\t<div class=\"elementor-element elementor-element-92ed4a7 elementor-widget elementor-widget-spacer\" data-id=\"92ed4a7\" data-element_type=\"widget\" data-e-type=\"widget\" data-widget_type=\"spacer.default\">\n\t\t\t\t<div class=\"elementor-widget-container\">\n\t\t\t\t\t\t\t<div class=\"elementor-spacer\">\n\t\t\t<div class=\"elementor-spacer-inner\"><\/div>\n\t\t<\/div>\n\t\t\t\t\t\t<\/div>\n\t\t\t\t<\/div>\n\t\t\t\t<div class=\"elementor-element elementor-element-ecb2718 elementor-widget elementor-widget-spacer\" data-id=\"ecb2718\" data-element_type=\"widget\" data-e-type=\"widget\" data-widget_type=\"spacer.default\">\n\t\t\t\t<div class=\"elementor-widget-container\">\n\t\t\t\t\t\t\t<div class=\"elementor-spacer\">\n\t\t\t<div class=\"elementor-spacer-inner\"><\/div>\n\t\t<\/div>\n\t\t\t\t\t\t<\/div>\n\t\t\t\t<\/div>\n\t\t\t\t\t<\/div>\n\t\t<\/div>\n\t\t\t\t\t<\/div>\n\t\t<\/section>\n\t\t\t\t<\/div>","protected":false},"excerpt":{"rendered":"<p>Klik hier om online te reserveren Fietstour met gids Maak het jezelf gemakkelijk en ontdek Maastricht onder begeleiding van een ervaren gids. Geen gedoe met knooppuntenborden of routes uitstippelen \u2014 je hoeft alleen maar te genieten van de omgeving. Onze rasechte Maastrichtenaar neemt jullie mee langs de allermooiste plekjes van Maastricht en omstreken en deelt [&hellip;]<\/p>\n","protected":false},"author":1,"featured_media":0,"parent":0,"menu_order":0,"comment_status":"closed","ping_status":"closed","template":"elementor_header_footer","meta":{"site-sidebar-layout":"default","site-content-layout":"","ast-site-content-layout":"default","site-content-style":"default","site-sidebar-style":"default","ast-global-header-display":"","ast-banner-title-visibility":"","ast-main-header-display":"","ast-hfb-above-header-display":"","ast-hfb-below-header-display":"","ast-hfb-mobile-header-display":"","site-post-title":"","ast-breadcrumbs-content":"","ast-featured-img":"","footer-sml-layout":"","ast-disable-related-posts":"","theme-transparent-header-meta":"","adv-header-id-meta":"","stick-header-meta":"","header-above-stick-meta":"","header-main-stick-meta":"","header-below-stick-meta":"","astra-migrate-meta-layouts":"default","ast-page-background-enabled":"default","ast-page-background-meta":{"desktop":{"background-color":"var(--ast-global-color-4)","background-image":"","background-repeat":"repeat","background-position":"center center","background-size":"auto","background-attachment":"scroll","background-type":"","background-media":"","overlay-type":"","overlay-color":"","overlay-opacity":"","overlay-gradient":""},"tablet":{"background-color":"","background-image":"","background-repeat":"repeat","background-position":"center center","background-size":"auto","background-attachment":"scroll","background-type":"","background-media":"","overlay-type":"","overlay-color":"","overlay-opacity":"","overlay-gradient":""},"mobile":{"background-color":"","background-image":"","background-repeat":"repeat","background-position":"center center","background-size":"auto","background-attachment":"scroll","background-type":"","background-media":"","overlay-type":"","overlay-color":"","overlay-opacity":"","overlay-gradient":""}},"ast-content-background-meta":{"desktop":{"background-color":"var(--ast-global-color-5)","background-image":"","background-repeat":"repeat","background-position":"center center","background-size":"auto","background-attachment":"scroll","background-type":"","background-media":"","overlay-type":"","overlay-color":"","overlay-opacity":"","overlay-gradient":""},"tablet":{"background-color":"var(--ast-global-color-5)","background-image":"","background-repeat":"repeat","background-position":"center center","background-size":"auto","background-attachment":"scroll","background-type":"","background-media":"","overlay-type":"","overlay-color":"","overlay-opacity":"","overlay-gradient":""},"mobile":{"background-color":"var(--ast-global-color-5)","background-image":"","background-repeat":"repeat","background-position":"center center","background-size":"auto","background-attachment":"scroll","background-type":"","background-media":"","overlay-type":"","overlay-color":"","overlay-opacity":"","overlay-gradient":""}},"footnotes":""},"class_list":["post-886","page","type-page","status-publish","hentry"],"_links":{"self":[{"href":"https:\/\/fietsverhuurdousberg.nl\/de\/wp-json\/wp\/v2\/pages\/886","targetHints":{"allow":["GET"]}}],"collection":[{"href":"https:\/\/fietsverhuurdousberg.nl\/de\/wp-json\/wp\/v2\/pages"}],"about":[{"href":"https:\/\/fietsverhuurdousberg.nl\/de\/wp-json\/wp\/v2\/types\/page"}],"author":[{"embeddable":true,"href":"https:\/\/fietsverhuurdousberg.nl\/de\/wp-json\/wp\/v2\/users\/1"}],"replies":[{"embeddable":true,"href":"https:\/\/fietsverhuurdousberg.nl\/de\/wp-json\/wp\/v2\/comments?post=886"}],"version-history":[{"count":305,"href":"https:\/\/fietsverhuurdousberg.nl\/de\/wp-json\/wp\/v2\/pages\/886\/revisions"}],"predecessor-version":[{"id":4258,"href":"https:\/\/fietsverhuurdousberg.nl\/de\/wp-json\/wp\/v2\/pages\/886\/revisions\/4258"}],"wp:attachment":[{"href":"https:\/\/fietsverhuurdousberg.nl\/de\/wp-json\/wp\/v2\/media?parent=886"}],"curies":[{"name":"wp","href":"https:\/\/api.w.org\/{rel}","templated":true}]}}