{"id":1063,"date":"2018-06-21T23:55:33","date_gmt":"2018-06-21T21:55:33","guid":{"rendered":"https:\/\/fietsverhuurdousberg.nl\/?page_id=1063"},"modified":"2026-02-12T11:22:35","modified_gmt":"2026-02-12T10:22:35","slug":"privacyverklaring","status":"publish","type":"page","link":"https:\/\/fietsverhuurdousberg.nl\/fr\/privacyverklaring\/","title":{"rendered":"D\u00e9claration de confidentialit\u00e9"},"content":{"rendered":"<div data-elementor-type=\"wp-post\" data-elementor-id=\"1063\" class=\"elementor elementor-1063\" data-elementor-post-type=\"page\">\n\t\t\t\t\t\t<section class=\"elementor-section elementor-top-section elementor-element elementor-element-122896ee elementor-section-content-middle elementor-section-boxed elementor-section-height-default elementor-section-height-default\" data-id=\"122896ee\" data-element_type=\"section\" data-e-type=\"section\">\n\t\t\t\t\t\t<div class=\"elementor-container elementor-column-gap-no\">\n\t\t\t\t\t<div class=\"elementor-column elementor-col-100 elementor-top-column elementor-element elementor-element-16381039\" data-id=\"16381039\" data-element_type=\"column\" data-e-type=\"column\">\n\t\t\t<div class=\"elementor-widget-wrap elementor-element-populated\">\n\t\t\t\t\t\t<div class=\"elementor-element elementor-element-441ced6d elementor-widget elementor-widget-heading\" data-id=\"441ced6d\" data-element_type=\"widget\" data-e-type=\"widget\" data-widget_type=\"heading.default\">\n\t\t\t\t<div class=\"elementor-widget-container\">\n\t\t\t\t\t<h1 class=\"elementor-heading-title elementor-size-default\">D\u00e9claration de confidentialit\u00e9<\/h1>\t\t\t\t<\/div>\n\t\t\t\t<\/div>\n\t\t\t\t<section class=\"elementor-section elementor-inner-section elementor-element elementor-element-2001f98f elementor-section-boxed elementor-section-height-default elementor-section-height-default\" data-id=\"2001f98f\" data-element_type=\"section\" data-e-type=\"section\">\n\t\t\t\t\t\t<div class=\"elementor-container elementor-column-gap-default\">\n\t\t\t\t\t<div class=\"elementor-column elementor-col-100 elementor-inner-column elementor-element elementor-element-1f99841a\" data-id=\"1f99841a\" data-element_type=\"column\" data-e-type=\"column\">\n\t\t\t<div class=\"elementor-widget-wrap elementor-element-populated\">\n\t\t\t\t\t\t<div class=\"elementor-element elementor-element-1e0273d4 elementor-widget elementor-widget-text-editor\" data-id=\"1e0273d4\" data-element_type=\"widget\" data-e-type=\"widget\" data-widget_type=\"text-editor.default\">\n\t\t\t\t<div class=\"elementor-widget-container\">\n\t\t\t\t\t\t\t\t\t<p><em>Fietsverhuur Dousberg respecte la vie priv\u00e9e de ses clients et visiteurs et veille \u00e0 ce que les informations personnelles que vous fournissez soient trait\u00e9es de mani\u00e8re confidentielle.<\/em><\/p><p><strong>Buts du traitement<\/strong><\/p><p><em>Vos donn\u00e9es personnelles peuvent \u00eatre trait\u00e9es \u00e0 diverses fins. Les diff\u00e9rents objectifs sont :<\/em><\/p><p><b>Location<\/b><\/p><p><em>Si vous d\u00e9cidez de louer\/r\u00e9server un v\u00e9lo chez Fietsverhuur Dousberg, nous traiterons les donn\u00e9es suivantes dans notre syst\u00e8me : votre nom, votre adresse, votre num\u00e9ro de t\u00e9l\u00e9phone et votre adresse e-mail. Ces donn\u00e9es sont trait\u00e9es aux fins de la r\u00e9servation et de l'\u00e9tablissement de la facture.<\/em><\/p><p><b>Contact<\/b><\/p><p><em>Si vous souhaitez que nous vous contactions, vous pouvez remplir le formulaire de contact sur notre site web. En remplissant ce formulaire, nous traitons votre nom, votre adresse e-mail et votre num\u00e9ro de t\u00e9l\u00e9phone. Ces donn\u00e9es sont strictement utilis\u00e9es pour vous contacter. Ces donn\u00e9es ne seront pas utilis\u00e9es \u00e0 d'autres fins.<\/em><\/p><p><b>Bulletin d'information<\/b><\/p><p><em>Si vous souhaitez \u00eatre tenu au courant des derni\u00e8res nouvelles et offres par le biais de la lettre d'information, veuillez indiquer votre adresse \u00e9lectronique sous la rubrique \"Lettre d'information\". Vous recevrez une lettre d'information au maximum une fois par mois.<\/em><\/p><p><b>Administration financi\u00e8re<\/b><\/p><p><em>Nous sommes l\u00e9galement tenus par les autorit\u00e9s fiscales de conserver nos dossiers avec votre <\/em><br \/><em>conserver les donn\u00e9es relatives aux factures, aux paiements et aux r\u00e9servations pendant 7 ans. Ensuite, nous n'utilisons les donn\u00e9es anonymes que pour des rapports internes.<\/em><\/p><p><b>Partage des donn\u00e9es personnelles avec des tiers<\/b><\/p><p><em>Location de Bicyclettes Dousberg traite les donn\u00e9es personnelles susmentionn\u00e9es pour ses propres besoins. Toutefois, elle fait appel \u00e0 des tiers (sous-traitants) qui, sur la base de leurs fonctions, traitent \u00e9galement vos donn\u00e9es personnelles.<\/em><\/p><p><b>Location de v\u00e9los \u00e0 la mine\u00a0<\/b><\/p><p><em>Nous utilisons les services de Mijnfietsverhuur et de ses syst\u00e8mes. Les moyens de service : Effectuer la r\u00e9servation, envoyer la confirmation par e-mail et pr\u00e9parer la facture. Pour cette raison, ils ont acc\u00e8s aux donn\u00e9es personnelles suivantes : nom, adresse, adresses e-mail et num\u00e9ros de t\u00e9l\u00e9phone.<\/em><\/p><p><b>Dormio Resort Maastricht<\/b><\/p><p><em>Bike Rental Dousberg travaille en collaboration avec Dormio Resort Maastricht. Il est possible de r\u00e9server un v\u00e9lo au Dormio Resort Maastricht pendant le processus de r\u00e9servation. Dans le cadre de cette r\u00e9servation, les donn\u00e9es personnelles suivantes sont utilis\u00e9es : nom, e-mail et num\u00e9ro de t\u00e9l\u00e9phone. Cette information est utilis\u00e9e pour traiter correctement la r\u00e9servation et la facture.<\/em><\/p><p><b>Autres tiers<\/b><\/p><p><em>En plus des tiers d\u00e9crits ci-dessus, nous utilisons \u00e9galement l'outil suivant qui ne partage pas de donn\u00e9es personnelles. Ces tiers ne traitent pas de donn\u00e9es personnelles ou traitent ces donn\u00e9es de mani\u00e8re anonyme. Il s'agit de Google Analytics.<\/em><\/p><p><b>S\u00e9curit\u00e9<\/b><\/p><p><em>Nous traitons les donn\u00e9es personnelles que vous nous confiez avec soin et prenons les mesures techniques et organisationnelles appropri\u00e9es pour s\u00e9curiser vos donn\u00e9es personnelles. Nous veillons, par exemple, \u00e0 ce que seules les personnes n\u00e9cessaires aient acc\u00e8s \u00e0 vos donn\u00e9es. Par exemple, toutes les donn\u00e9es envoy\u00e9es entre l'utilisateur et le serveur web sont transmises via une connexion SSL s\u00e9curis\u00e9e et nous nous assurons que le site web dispose toujours des derni\u00e8res mises \u00e0 jour.<\/em><\/p><p><strong>L'acc\u00e8s, la correction et le droit d'opposition<\/strong><\/p><p><em>Si vos coordonn\u00e9es sont connues de Fietsverhuur Dousberg, vous avez la possibilit\u00e9 de consulter vos donn\u00e9es personnelles. Si les informations que nous avons fournies contiennent des inexactitudes, vous pouvez nous demander par \u00e9crit de les modifier. Vous pouvez \u00e9galement nous demander de supprimer vos donn\u00e9es personnelles. Si vous ne souhaitez pas \u00eatre contact\u00e9 par des informations sur nos produits et services, vous pouvez bien entendu nous le faire savoir. Nous traiterons vos demandes aussi rapidement que possible, mais en tout cas dans les quatre semaines suivant leur r\u00e9ception.<\/em><\/p><p>Vous pouvez envoyer vos demandes \u00e9crites \u00e0<\/p><p>Location de v\u00e9los \u00e0 Dousberg<br \/>Le Wilhelmus 2<br \/>6216GK Maastricht<\/p><p>Ou par courrier \u00e0 : info@fietsverhuurdousberg.nl<\/p><p>Si vous n'\u00eates pas d'accord avec la fa\u00e7on dont nous traitons votre vie priv\u00e9e, vous pouvez contacter l'autorit\u00e9 de protection de la vie priv\u00e9e.<\/p>\t\t\t\t\t\t\t\t<\/div>\n\t\t\t\t<\/div>\n\t\t\t\t\t<\/div>\n\t\t<\/div>\n\t\t\t\t\t<\/div>\n\t\t<\/section>\n\t\t\t\t\t<\/div>\n\t\t<\/div>\n\t\t\t\t\t<\/div>\n\t\t<\/section>\n\t\t\t\t<\/div>","protected":false},"excerpt":{"rendered":"<p>Privacyverklaring Fietsverhuur Dousberg respecteert de privacy van haar klanten en bezoekers en draagt zorg voor de persoonlijke informatie die u ons verschaft vertrouwelijk wordt behandeld. Doeleinden voor verwerking Uw persoonsgegevens kunnen verwerkt worden voor verschillende doeleinden. De verschillende doeleinden zijn: Verhuur Indien u besluit een fiets te huren\/reserveren bij Fietsverhuur Dousberg dan verwerken wij de [&hellip;]<\/p>\n","protected":false},"author":1,"featured_media":0,"parent":0,"menu_order":0,"comment_status":"closed","ping_status":"closed","template":"elementor_header_footer","meta":{"site-sidebar-layout":"default","site-content-layout":"","ast-site-content-layout":"default","site-content-style":"default","site-sidebar-style":"default","ast-global-header-display":"","ast-banner-title-visibility":"","ast-main-header-display":"","ast-hfb-above-header-display":"","ast-hfb-below-header-display":"","ast-hfb-mobile-header-display":"","site-post-title":"","ast-breadcrumbs-content":"","ast-featured-img":"","footer-sml-layout":"","ast-disable-related-posts":"","theme-transparent-header-meta":"","adv-header-id-meta":"","stick-header-meta":"","header-above-stick-meta":"","header-main-stick-meta":"","header-below-stick-meta":"","astra-migrate-meta-layouts":"default","ast-page-background-enabled":"default","ast-page-background-meta":{"desktop":{"background-color":"var(--ast-global-color-4)","background-image":"","background-repeat":"repeat","background-position":"center center","background-size":"auto","background-attachment":"scroll","background-type":"","background-media":"","overlay-type":"","overlay-color":"","overlay-opacity":"","overlay-gradient":""},"tablet":{"background-color":"","background-image":"","background-repeat":"repeat","background-position":"center center","background-size":"auto","background-attachment":"scroll","background-type":"","background-media":"","overlay-type":"","overlay-color":"","overlay-opacity":"","overlay-gradient":""},"mobile":{"background-color":"","background-image":"","background-repeat":"repeat","background-position":"center center","background-size":"auto","background-attachment":"scroll","background-type":"","background-media":"","overlay-type":"","overlay-color":"","overlay-opacity":"","overlay-gradient":""}},"ast-content-background-meta":{"desktop":{"background-color":"var(--ast-global-color-5)","background-image":"","background-repeat":"repeat","background-position":"center center","background-size":"auto","background-attachment":"scroll","background-type":"","background-media":"","overlay-type":"","overlay-color":"","overlay-opacity":"","overlay-gradient":""},"tablet":{"background-color":"var(--ast-global-color-5)","background-image":"","background-repeat":"repeat","background-position":"center center","background-size":"auto","background-attachment":"scroll","background-type":"","background-media":"","overlay-type":"","overlay-color":"","overlay-opacity":"","overlay-gradient":""},"mobile":{"background-color":"var(--ast-global-color-5)","background-image":"","background-repeat":"repeat","background-position":"center center","background-size":"auto","background-attachment":"scroll","background-type":"","background-media":"","overlay-type":"","overlay-color":"","overlay-opacity":"","overlay-gradient":""}},"footnotes":""},"class_list":["post-1063","page","type-page","status-publish","hentry"],"_links":{"self":[{"href":"https:\/\/fietsverhuurdousberg.nl\/fr\/wp-json\/wp\/v2\/pages\/1063","targetHints":{"allow":["GET"]}}],"collection":[{"href":"https:\/\/fietsverhuurdousberg.nl\/fr\/wp-json\/wp\/v2\/pages"}],"about":[{"href":"https:\/\/fietsverhuurdousberg.nl\/fr\/wp-json\/wp\/v2\/types\/page"}],"author":[{"embeddable":true,"href":"https:\/\/fietsverhuurdousberg.nl\/fr\/wp-json\/wp\/v2\/users\/1"}],"replies":[{"embeddable":true,"href":"https:\/\/fietsverhuurdousberg.nl\/fr\/wp-json\/wp\/v2\/comments?post=1063"}],"version-history":[{"count":14,"href":"https:\/\/fietsverhuurdousberg.nl\/fr\/wp-json\/wp\/v2\/pages\/1063\/revisions"}],"predecessor-version":[{"id":4119,"href":"https:\/\/fietsverhuurdousberg.nl\/fr\/wp-json\/wp\/v2\/pages\/1063\/revisions\/4119"}],"wp:attachment":[{"href":"https:\/\/fietsverhuurdousberg.nl\/fr\/wp-json\/wp\/v2\/media?parent=1063"}],"curies":[{"name":"wp","href":"https:\/\/api.w.org\/{rel}","templated":true}]}}