{"id":886,"date":"2018-05-16T17:18:34","date_gmt":"2018-05-16T15:18:34","guid":{"rendered":"https:\/\/fietsverhuurdousberg.nl\/?page_id=886"},"modified":"2026-03-26T10:23:34","modified_gmt":"2026-03-26T09:23:34","slug":"home","status":"publish","type":"page","link":"https:\/\/fietsverhuurdousberg.nl\/fr\/","title":{"rendered":"Accueil"},"content":{"rendered":"<div data-elementor-type=\"wp-post\" data-elementor-id=\"886\" class=\"elementor elementor-886\" data-elementor-post-type=\"page\">\n\t\t\t\t\t\t<section class=\"elementor-section elementor-top-section elementor-element elementor-element-15d7d7d9 elementor-section-content-middle elementor-section-boxed elementor-section-height-default elementor-section-height-default\" data-id=\"15d7d7d9\" data-element_type=\"section\" data-e-type=\"section\" data-settings=\"{&quot;background_background&quot;:&quot;classic&quot;}\">\n\t\t\t\t\t\t<div class=\"elementor-container elementor-column-gap-default\">\n\t\t\t\t\t<div class=\"elementor-column elementor-col-50 elementor-top-column elementor-element elementor-element-3ed48e09\" data-id=\"3ed48e09\" data-element_type=\"column\" data-e-type=\"column\">\n\t\t\t<div class=\"elementor-widget-wrap\">\n\t\t\t\t\t\t\t<\/div>\n\t\t<\/div>\n\t\t\t\t<div class=\"elementor-column elementor-col-50 elementor-top-column elementor-element elementor-element-742ea28\" data-id=\"742ea28\" data-element_type=\"column\" data-e-type=\"column\">\n\t\t\t<div class=\"elementor-widget-wrap elementor-element-populated\">\n\t\t\t\t\t\t<div class=\"elementor-element elementor-element-27d9c8e2 elementor-align-right elementor-mobile-align-center elementor-widget elementor-widget-button\" data-id=\"27d9c8e2\" data-element_type=\"widget\" data-e-type=\"widget\" data-widget_type=\"button.default\">\n\t\t\t\t<div class=\"elementor-widget-container\">\n\t\t\t\t\t\t\t\t\t<div class=\"elementor-button-wrapper\">\n\t\t\t\t\t<a class=\"elementor-button elementor-button-link elementor-size-md\" href=\"https:\/\/dousberg.fietsreserveren.nl\/\" target=\"_blank\">\n\t\t\t\t\t\t<span class=\"elementor-button-content-wrapper\">\n\t\t\t\t\t\t\t\t\t<span class=\"elementor-button-text\">Cliquez ici pour r\u00e9server en ligne<\/span>\n\t\t\t\t\t<\/span>\n\t\t\t\t\t<\/a>\n\t\t\t\t<\/div>\n\t\t\t\t\t\t\t\t<\/div>\n\t\t\t\t<\/div>\n\t\t\t\t\t<\/div>\n\t\t<\/div>\n\t\t\t\t\t<\/div>\n\t\t<\/section>\n\t\t\t\t<section class=\"elementor-section elementor-top-section elementor-element elementor-element-e77abd5 elementor-section-stretched elementor-section-full_width elementor-section-content-space-evenly elementor-section-height-default elementor-section-height-default\" data-id=\"e77abd5\" data-element_type=\"section\" data-e-type=\"section\" data-settings=\"{&quot;stretch_section&quot;:&quot;section-stretched&quot;}\">\n\t\t\t\t\t\t<div class=\"elementor-container elementor-column-gap-narrow\">\n\t\t\t\t\t<div class=\"elementor-column elementor-col-100 elementor-top-column elementor-element elementor-element-8a37df6\" data-id=\"8a37df6\" data-element_type=\"column\" data-e-type=\"column\">\n\t\t\t<div class=\"elementor-widget-wrap elementor-element-populated\">\n\t\t\t\t\t\t<section class=\"elementor-section elementor-inner-section elementor-element elementor-element-c6c275d elementor-section-boxed elementor-section-height-default elementor-section-height-default\" data-id=\"c6c275d\" data-element_type=\"section\" data-e-type=\"section\">\n\t\t\t\t\t\t<div class=\"elementor-container elementor-column-gap-default\">\n\t\t\t\t\t<div class=\"elementor-column elementor-col-25 elementor-inner-column elementor-element elementor-element-bc8463e\" data-id=\"bc8463e\" data-element_type=\"column\" data-e-type=\"column\">\n\t\t\t<div class=\"elementor-widget-wrap elementor-element-populated\">\n\t\t\t\t\t\t<div class=\"elementor-element elementor-element-6145561 elementor-widget elementor-widget-heading\" data-id=\"6145561\" data-element_type=\"widget\" data-e-type=\"widget\" data-widget_type=\"heading.default\">\n\t\t\t\t<div class=\"elementor-widget-container\">\n\t\t\t\t\t<h3 class=\"elementor-heading-title elementor-size-default\">Visite guid\u00e9e \u00e0 v\u00e9lo<\/h3>\t\t\t\t<\/div>\n\t\t\t\t<\/div>\n\t\t\t\t<div class=\"elementor-element elementor-element-77828d2 elementor-widget elementor-widget-image\" data-id=\"77828d2\" data-element_type=\"widget\" data-e-type=\"widget\" data-widget_type=\"image.default\">\n\t\t\t\t<div class=\"elementor-widget-container\">\n\t\t\t\t\t\t\t\t\t\t\t\t\t\t\t<img fetchpriority=\"high\" decoding=\"async\" width=\"1024\" height=\"680\" src=\"https:\/\/fietsverhuurdousberg.nl\/wp-content\/uploads\/2018\/06\/bike-1024x680.jpg\" class=\"attachment-large size-large wp-image-975\" alt=\"\" srcset=\"https:\/\/fietsverhuurdousberg.nl\/wp-content\/uploads\/2018\/06\/bike-1024x680.jpg 1024w, https:\/\/fietsverhuurdousberg.nl\/wp-content\/uploads\/2018\/06\/bike-300x199.jpg 300w, https:\/\/fietsverhuurdousberg.nl\/wp-content\/uploads\/2018\/06\/bike-768x510.jpg 768w, https:\/\/fietsverhuurdousberg.nl\/wp-content\/uploads\/2018\/06\/bike.jpg 1920w\" sizes=\"(max-width: 1024px) 100vw, 1024px\" \/>\t\t\t\t\t\t\t\t\t\t\t\t\t\t\t<\/div>\n\t\t\t\t<\/div>\n\t\t\t\t<div class=\"elementor-element elementor-element-81efe6f elementor-widget elementor-widget-text-editor\" data-id=\"81efe6f\" data-element_type=\"widget\" data-e-type=\"widget\" data-widget_type=\"text-editor.default\">\n\t\t\t\t<div class=\"elementor-widget-container\">\n\t\t\t\t\t\t\t\t\t<p data-start=\"125\" data-end=\"482\">Installez-vous confortablement et partez \u00e0 la d\u00e9couverte de Maastricht en compagnie d'un guide exp\u00e9riment\u00e9. Fini les soucis de signalisation ou d'itin\u00e9raires \u00e0 tracer\u00a0: laissez-vous simplement charmer par les lieux. Notre guide, v\u00e9ritable natif de Maastricht, vous fera d\u00e9couvrir les plus beaux endroits de la ville et de ses environs, en partageant avec vous anecdotes et informations passionnantes.<\/p><p data-start=\"484\" data-end=\"734\">En principe, nous suivons un itin\u00e9raire fixe et soigneusement s\u00e9lectionn\u00e9 \u00e0 v\u00e9lo, passant par les sites incontournables. Bien entendu, il est possible d'adapter l'itin\u00e9raire ou le contenu en concertation avec vous, afin qu'il corresponde parfaitement \u00e0 vos souhaits. La dur\u00e9e du circuit est \u00e9galement n\u00e9gociable.<\/p><p data-start=\"736\" data-end=\"817\" data-is-last-node=\"\" data-is-only-node=\"\">Ainsi, vous d\u00e9couvrirez Maastricht d'une mani\u00e8re d\u00e9tendue, personnelle et unique.<\/p>\t\t\t\t\t\t\t\t<\/div>\n\t\t\t\t<\/div>\n\t\t\t\t<div class=\"elementor-element elementor-element-8ee692a elementor-align-center elementor-widget elementor-widget-button\" data-id=\"8ee692a\" data-element_type=\"widget\" data-e-type=\"widget\" data-widget_type=\"button.default\">\n\t\t\t\t<div class=\"elementor-widget-container\">\n\t\t\t\t\t\t\t\t\t<div class=\"elementor-button-wrapper\">\n\t\t\t\t\t<a class=\"elementor-button elementor-button-link elementor-size-sm\" href=\"https:\/\/fietsverhuurdousberg.nl\/fr\/fietstour-met-gids\/\">\n\t\t\t\t\t\t<span class=\"elementor-button-content-wrapper\">\n\t\t\t\t\t\t\t\t\t<span class=\"elementor-button-text\">Cliquez ici pour plus d'informations<\/span>\n\t\t\t\t\t<\/span>\n\t\t\t\t\t<\/a>\n\t\t\t\t<\/div>\n\t\t\t\t\t\t\t\t<\/div>\n\t\t\t\t<\/div>\n\t\t\t\t\t<\/div>\n\t\t<\/div>\n\t\t\t\t<div class=\"elementor-column elementor-col-25 elementor-inner-column elementor-element elementor-element-f532c5c\" data-id=\"f532c5c\" data-element_type=\"column\" data-e-type=\"column\">\n\t\t\t<div class=\"elementor-widget-wrap elementor-element-populated\">\n\t\t\t\t\t\t<div class=\"elementor-element elementor-element-c03d1fe elementor-widget elementor-widget-heading\" data-id=\"c03d1fe\" data-element_type=\"widget\" data-e-type=\"widget\" data-widget_type=\"heading.default\">\n\t\t\t\t<div class=\"elementor-widget-container\">\n\t\t\t\t\t<h3 class=\"elementor-heading-title elementor-size-default\">Dormio Resort Maastricht<\/h3>\t\t\t\t<\/div>\n\t\t\t\t<\/div>\n\t\t\t\t<div class=\"elementor-element elementor-element-7db98ce elementor-widget elementor-widget-image\" data-id=\"7db98ce\" data-element_type=\"widget\" data-e-type=\"widget\" data-widget_type=\"image.default\">\n\t\t\t\t<div class=\"elementor-widget-container\">\n\t\t\t\t\t\t\t\t\t\t\t\t\t\t\t<img decoding=\"async\" width=\"1024\" height=\"639\" src=\"https:\/\/fietsverhuurdousberg.nl\/wp-content\/uploads\/2026\/03\/dormio.jpg\" class=\"attachment-large size-large wp-image-4226\" alt=\"\" srcset=\"https:\/\/fietsverhuurdousberg.nl\/wp-content\/uploads\/2026\/03\/dormio.jpg 1024w, https:\/\/fietsverhuurdousberg.nl\/wp-content\/uploads\/2026\/03\/dormio-300x187.jpg 300w, https:\/\/fietsverhuurdousberg.nl\/wp-content\/uploads\/2026\/03\/dormio-768x479.jpg 768w, https:\/\/fietsverhuurdousberg.nl\/wp-content\/uploads\/2026\/03\/dormio-18x12.jpg 18w\" sizes=\"(max-width: 1024px) 100vw, 1024px\" \/>\t\t\t\t\t\t\t\t\t\t\t\t\t\t\t<\/div>\n\t\t\t\t<\/div>\n\t\t\t\t<div class=\"elementor-element elementor-element-06b9f4f elementor-widget elementor-widget-text-editor\" data-id=\"06b9f4f\" data-element_type=\"widget\" data-e-type=\"widget\" data-widget_type=\"text-editor.default\">\n\t\t\t\t<div class=\"elementor-widget-container\">\n\t\t\t\t\t\t\t\t\t<p data-start=\"73\" data-end=\"269\">Dousberg Bicycle Rental se trouve sur la Wilhelmus, la place centrale du Dormio Resort Maastricht. Vous nous trouverez juste \u00e0 c\u00f4t\u00e9 de la r\u00e9ception, o\u00f9 plusieurs de nos v\u00e9los vous attendent d\u00e9j\u00e0.<\/p><p data-start=\"271\" data-end=\"579\">Situ\u00e9 \u00e0 seulement dix minutes \u00e0 v\u00e9lo du quartier anim\u00e9 de Vrijthof, le Dormio Resort Maastricht est le parc de vacances le plus luxueux du Limbourg. Gr\u00e2ce \u00e0 son emplacement exceptionnel, il constitue le point de d\u00e9part id\u00e9al pour d\u00e9couvrir le centre-ville anim\u00e9 de Maastricht et profiter de la magnifique nature du sud du Limbourg.<\/p><p data-start=\"581\" data-end=\"718\">Que vous optiez pour une balade tranquille \u00e0 travers les collines ou une visite du centre-ville historique, votre excursion \u00e0 v\u00e9lo commence avec nous.<\/p>\t\t\t\t\t\t\t\t<\/div>\n\t\t\t\t<\/div>\n\t\t\t\t<div class=\"elementor-element elementor-element-3cd5113 elementor-widget elementor-widget-spacer\" data-id=\"3cd5113\" data-element_type=\"widget\" data-e-type=\"widget\" data-widget_type=\"spacer.default\">\n\t\t\t\t<div class=\"elementor-widget-container\">\n\t\t\t\t\t\t\t<div class=\"elementor-spacer\">\n\t\t\t<div class=\"elementor-spacer-inner\"><\/div>\n\t\t<\/div>\n\t\t\t\t\t\t<\/div>\n\t\t\t\t<\/div>\n\t\t\t\t<div class=\"elementor-element elementor-element-663b937 elementor-align-center elementor-widget elementor-widget-button\" data-id=\"663b937\" data-element_type=\"widget\" data-e-type=\"widget\" data-widget_type=\"button.default\">\n\t\t\t\t<div class=\"elementor-widget-container\">\n\t\t\t\t\t\t\t\t\t<div class=\"elementor-button-wrapper\">\n\t\t\t\t\t<a class=\"elementor-button elementor-button-link elementor-size-sm\" href=\"https:\/\/www.dormio.nl\/resorts-hotels\/dormio-resort-maastricht\" target=\"_blank\">\n\t\t\t\t\t\t<span class=\"elementor-button-content-wrapper\">\n\t\t\t\t\t\t\t\t\t<span class=\"elementor-button-text\">R\u00e9servez votre s\u00e9jour ici<\/span>\n\t\t\t\t\t<\/span>\n\t\t\t\t\t<\/a>\n\t\t\t\t<\/div>\n\t\t\t\t\t\t\t\t<\/div>\n\t\t\t\t<\/div>\n\t\t\t\t\t<\/div>\n\t\t<\/div>\n\t\t\t\t<div class=\"elementor-column elementor-col-25 elementor-inner-column elementor-element elementor-element-7a62249\" data-id=\"7a62249\" data-element_type=\"column\" data-e-type=\"column\">\n\t\t\t<div class=\"elementor-widget-wrap elementor-element-populated\">\n\t\t\t\t\t\t<div class=\"elementor-element elementor-element-8372bf3 elementor-widget elementor-widget-heading\" data-id=\"8372bf3\" data-element_type=\"widget\" data-e-type=\"widget\" data-widget_type=\"heading.default\">\n\t\t\t\t<div class=\"elementor-widget-container\">\n\t\t\t\t\t<h3 class=\"elementor-heading-title elementor-size-default\">Itin\u00e9raires cyclables<\/h3>\t\t\t\t<\/div>\n\t\t\t\t<\/div>\n\t\t\t\t<div class=\"elementor-element elementor-element-a51b83b elementor-widget elementor-widget-image\" data-id=\"a51b83b\" data-element_type=\"widget\" data-e-type=\"widget\" data-widget_type=\"image.default\">\n\t\t\t\t<div class=\"elementor-widget-container\">\n\t\t\t\t\t\t\t\t\t\t\t\t\t\t\t<img decoding=\"async\" width=\"1024\" height=\"639\" src=\"https:\/\/fietsverhuurdousberg.nl\/wp-content\/uploads\/2026\/03\/route-stippel-2.jpg\" class=\"attachment-large size-large wp-image-4222\" alt=\"\" srcset=\"https:\/\/fietsverhuurdousberg.nl\/wp-content\/uploads\/2026\/03\/route-stippel-2.jpg 1024w, https:\/\/fietsverhuurdousberg.nl\/wp-content\/uploads\/2026\/03\/route-stippel-2-300x187.jpg 300w, https:\/\/fietsverhuurdousberg.nl\/wp-content\/uploads\/2026\/03\/route-stippel-2-768x479.jpg 768w, https:\/\/fietsverhuurdousberg.nl\/wp-content\/uploads\/2026\/03\/route-stippel-2-18x12.jpg 18w\" sizes=\"(max-width: 1024px) 100vw, 1024px\" \/>\t\t\t\t\t\t\t\t\t\t\t\t\t\t\t<\/div>\n\t\t\t\t<\/div>\n\t\t\t\t<div class=\"elementor-element elementor-element-4963198 elementor-widget elementor-widget-text-editor\" data-id=\"4963198\" data-element_type=\"widget\" data-e-type=\"widget\" data-widget_type=\"text-editor.default\">\n\t\t\t\t<div class=\"elementor-widget-container\">\n\t\t\t\t\t\t\t\t\t<p data-start=\"184\" data-end=\"531\">Maastricht et ses environs sont parfaits \u00e0 explorer \u00e0 v\u00e9lo. Chez Fietsverhuur Dousberg, nous avons concoct\u00e9 pour vous de magnifiques itin\u00e9raires, tous au d\u00e9part de notre point de location. Que vous optiez pour une courte balade en ville, une excursion \u00e0 travers les collines du sud du Limbourg ou une combinaison des deux, il y en a pour tous les go\u00fbts.<\/p><p data-start=\"533\" data-end=\"852\" class=\"translation-block\">Vous pr\u00e9f\u00e9rez planifier votre itin\u00e9raire vous-m\u00eame\u00a0? C\u2019est tr\u00e8s simple\u00a0: rendez-vous sur <a class=\"decorated-link\" href=\"https:\/\/www.fietsnetwerk.nl\" target=\"_new\" rel=\"noopener\" data-start=\"593\" data-end=\"636\">Fietsnetwerk<\/a> ou <a class=\"decorated-link\" href=\"https:\/\/www.fietsknoop.nl\" target=\"_new\" rel=\"noopener\" data-start=\"640\" data-end=\"679\">Fietsknoop<\/a>. Vous y trouverez des itin\u00e9raires sugg\u00e9r\u00e9s et pourrez cr\u00e9er le v\u00f4tre \u00e0 l\u2019aide de points de passage. Vous pourrez ensuite t\u00e9l\u00e9charger ces itin\u00e9raires dans les applications Route.nl, Fietsnetwerk ou Fietsknoop.<\/p>\t\t\t\t\t\t\t\t<\/div>\n\t\t\t\t<\/div>\n\t\t\t\t<div class=\"elementor-element elementor-element-15d868f elementor-widget elementor-widget-spacer\" data-id=\"15d868f\" data-element_type=\"widget\" data-e-type=\"widget\" data-widget_type=\"spacer.default\">\n\t\t\t\t<div class=\"elementor-widget-container\">\n\t\t\t\t\t\t\t<div class=\"elementor-spacer\">\n\t\t\t<div class=\"elementor-spacer-inner\"><\/div>\n\t\t<\/div>\n\t\t\t\t\t\t<\/div>\n\t\t\t\t<\/div>\n\t\t\t\t<div class=\"elementor-element elementor-element-16e734e elementor-align-center elementor-widget elementor-widget-button\" data-id=\"16e734e\" data-element_type=\"widget\" data-e-type=\"widget\" data-widget_type=\"button.default\">\n\t\t\t\t<div class=\"elementor-widget-container\">\n\t\t\t\t\t\t\t\t\t<div class=\"elementor-button-wrapper\">\n\t\t\t\t\t<a class=\"elementor-button elementor-button-link elementor-size-sm\" href=\"https:\/\/fietsverhuurdousberg.nl\/fr\/routes\/\">\n\t\t\t\t\t\t<span class=\"elementor-button-content-wrapper\">\n\t\t\t\t\t\t\t\t\t<span class=\"elementor-button-text\">Cliquez ici pour consulter nos itin\u00e9raires<\/span>\n\t\t\t\t\t<\/span>\n\t\t\t\t\t<\/a>\n\t\t\t\t<\/div>\n\t\t\t\t\t\t\t\t<\/div>\n\t\t\t\t<\/div>\n\t\t\t\t\t<\/div>\n\t\t<\/div>\n\t\t\t\t<div class=\"elementor-column elementor-col-25 elementor-inner-column elementor-element elementor-element-f74bb2b\" data-id=\"f74bb2b\" data-element_type=\"column\" data-e-type=\"column\">\n\t\t\t<div class=\"elementor-widget-wrap elementor-element-populated\">\n\t\t\t\t\t\t<div class=\"elementor-element elementor-element-b5eac48 elementor-widget elementor-widget-heading\" data-id=\"b5eac48\" data-element_type=\"widget\" data-e-type=\"widget\" data-widget_type=\"heading.default\">\n\t\t\t\t<div class=\"elementor-widget-container\">\n\t\t\t\t\t<h3 class=\"elementor-heading-title elementor-size-default\">V\u00e9los et tarifs<\/h3>\t\t\t\t<\/div>\n\t\t\t\t<\/div>\n\t\t\t\t<div class=\"elementor-element elementor-element-6f52132 elementor-widget elementor-widget-image\" data-id=\"6f52132\" data-element_type=\"widget\" data-e-type=\"widget\" data-widget_type=\"image.default\">\n\t\t\t\t<div class=\"elementor-widget-container\">\n\t\t\t\t\t\t\t\t\t\t\t\t\t\t\t<img loading=\"lazy\" decoding=\"async\" width=\"1024\" height=\"638\" src=\"https:\/\/fietsverhuurdousberg.nl\/wp-content\/uploads\/2026\/02\/471464927_1108398747454627_6509743111209044416_n-2-1024x638.jpg\" class=\"attachment-large size-large wp-image-4086\" alt=\"\" srcset=\"https:\/\/fietsverhuurdousberg.nl\/wp-content\/uploads\/2026\/02\/471464927_1108398747454627_6509743111209044416_n-2-1024x638.jpg 1024w, https:\/\/fietsverhuurdousberg.nl\/wp-content\/uploads\/2026\/02\/471464927_1108398747454627_6509743111209044416_n-2-300x187.jpg 300w, https:\/\/fietsverhuurdousberg.nl\/wp-content\/uploads\/2026\/02\/471464927_1108398747454627_6509743111209044416_n-2-768x479.jpg 768w, https:\/\/fietsverhuurdousberg.nl\/wp-content\/uploads\/2026\/02\/471464927_1108398747454627_6509743111209044416_n-2-1536x958.jpg 1536w, https:\/\/fietsverhuurdousberg.nl\/wp-content\/uploads\/2026\/02\/471464927_1108398747454627_6509743111209044416_n-2-18x12.jpg 18w, https:\/\/fietsverhuurdousberg.nl\/wp-content\/uploads\/2026\/02\/471464927_1108398747454627_6509743111209044416_n-2.jpg 1920w\" sizes=\"(max-width: 1024px) 100vw, 1024px\" \/>\t\t\t\t\t\t\t\t\t\t\t\t\t\t\t<\/div>\n\t\t\t\t<\/div>\n\t\t\t\t<div class=\"elementor-element elementor-element-95fdf53 elementor-widget elementor-widget-text-editor\" data-id=\"95fdf53\" data-element_type=\"widget\" data-e-type=\"widget\" data-widget_type=\"text-editor.default\">\n\t\t\t\t<div class=\"elementor-widget-container\">\n\t\t\t\t\t\t\t\t\t<p data-start=\"139\" data-end=\"340\">Maastricht et ses environs se pr\u00eatent parfaitement \u00e0 la d\u00e9couverte \u00e0 v\u00e9lo. Le centre-ville est accessible en 10 minutes, Saint-Pierre en 15 minutes et Valkenburg en 45 minutes environ.<\/p><p data-start=\"342\" data-end=\"714\">Nous proposons une large gamme de v\u00e9los adapt\u00e9s \u00e0 tous vos trajets\u00a0: v\u00e9los enfants, v\u00e9los de ville confortables avec diff\u00e9rentes vitesses, v\u00e9los \u00e9lectriques \u00e0 assistance au p\u00e9dalage et v\u00e9los cargo spacieux. Pour encore plus de plaisir, nous avons m\u00eame un tandem pour enfants. De plus, nous offrons divers accessoires pour rendre vos trajets aussi confortables et s\u00fbrs que possible.<\/p><p data-start=\"716\" data-end=\"826\">Vous souhaitez conna\u00eetre les options et les prix\u00a0? Consultez nos tarifs pour les v\u00e9los et les accessoires ici.<\/p>\t\t\t\t\t\t\t\t<\/div>\n\t\t\t\t<\/div>\n\t\t\t\t<div class=\"elementor-element elementor-element-8806caf elementor-widget elementor-widget-spacer\" data-id=\"8806caf\" data-element_type=\"widget\" data-e-type=\"widget\" data-widget_type=\"spacer.default\">\n\t\t\t\t<div class=\"elementor-widget-container\">\n\t\t\t\t\t\t\t<div class=\"elementor-spacer\">\n\t\t\t<div class=\"elementor-spacer-inner\"><\/div>\n\t\t<\/div>\n\t\t\t\t\t\t<\/div>\n\t\t\t\t<\/div>\n\t\t\t\t<div class=\"elementor-element elementor-element-fb882d7 elementor-align-center elementor-widget elementor-widget-button\" data-id=\"fb882d7\" data-element_type=\"widget\" data-e-type=\"widget\" data-widget_type=\"button.default\">\n\t\t\t\t<div class=\"elementor-widget-container\">\n\t\t\t\t\t\t\t\t\t<div class=\"elementor-button-wrapper\">\n\t\t\t\t\t<a class=\"elementor-button elementor-button-link elementor-size-sm\" href=\"https:\/\/fietsverhuurdousberg.nl\/fr\/fietsen\/\">\n\t\t\t\t\t\t<span class=\"elementor-button-content-wrapper\">\n\t\t\t\t\t\t\t\t\t<span class=\"elementor-button-text\">V\u00e9los et tarifs<\/span>\n\t\t\t\t\t<\/span>\n\t\t\t\t\t<\/a>\n\t\t\t\t<\/div>\n\t\t\t\t\t\t\t\t<\/div>\n\t\t\t\t<\/div>\n\t\t\t\t\t<\/div>\n\t\t<\/div>\n\t\t\t\t\t<\/div>\n\t\t<\/section>\n\t\t\t\t<div class=\"elementor-element elementor-element-92ed4a7 elementor-widget elementor-widget-spacer\" data-id=\"92ed4a7\" data-element_type=\"widget\" data-e-type=\"widget\" data-widget_type=\"spacer.default\">\n\t\t\t\t<div class=\"elementor-widget-container\">\n\t\t\t\t\t\t\t<div class=\"elementor-spacer\">\n\t\t\t<div class=\"elementor-spacer-inner\"><\/div>\n\t\t<\/div>\n\t\t\t\t\t\t<\/div>\n\t\t\t\t<\/div>\n\t\t\t\t<div class=\"elementor-element elementor-element-ecb2718 elementor-widget elementor-widget-spacer\" data-id=\"ecb2718\" data-element_type=\"widget\" data-e-type=\"widget\" data-widget_type=\"spacer.default\">\n\t\t\t\t<div class=\"elementor-widget-container\">\n\t\t\t\t\t\t\t<div class=\"elementor-spacer\">\n\t\t\t<div class=\"elementor-spacer-inner\"><\/div>\n\t\t<\/div>\n\t\t\t\t\t\t<\/div>\n\t\t\t\t<\/div>\n\t\t\t\t\t<\/div>\n\t\t<\/div>\n\t\t\t\t\t<\/div>\n\t\t<\/section>\n\t\t\t\t<\/div>","protected":false},"excerpt":{"rendered":"<p>Klik hier om online te reserveren Fietstour met gids Maak het jezelf gemakkelijk en ontdek Maastricht onder begeleiding van een ervaren gids. Geen gedoe met knooppuntenborden of routes uitstippelen \u2014 je hoeft alleen maar te genieten van de omgeving. Onze rasechte Maastrichtenaar neemt jullie mee langs de allermooiste plekjes van Maastricht en omstreken en deelt [&hellip;]<\/p>\n","protected":false},"author":1,"featured_media":0,"parent":0,"menu_order":0,"comment_status":"closed","ping_status":"closed","template":"elementor_header_footer","meta":{"site-sidebar-layout":"default","site-content-layout":"","ast-site-content-layout":"default","site-content-style":"default","site-sidebar-style":"default","ast-global-header-display":"","ast-banner-title-visibility":"","ast-main-header-display":"","ast-hfb-above-header-display":"","ast-hfb-below-header-display":"","ast-hfb-mobile-header-display":"","site-post-title":"","ast-breadcrumbs-content":"","ast-featured-img":"","footer-sml-layout":"","ast-disable-related-posts":"","theme-transparent-header-meta":"","adv-header-id-meta":"","stick-header-meta":"","header-above-stick-meta":"","header-main-stick-meta":"","header-below-stick-meta":"","astra-migrate-meta-layouts":"default","ast-page-background-enabled":"default","ast-page-background-meta":{"desktop":{"background-color":"var(--ast-global-color-4)","background-image":"","background-repeat":"repeat","background-position":"center center","background-size":"auto","background-attachment":"scroll","background-type":"","background-media":"","overlay-type":"","overlay-color":"","overlay-opacity":"","overlay-gradient":""},"tablet":{"background-color":"","background-image":"","background-repeat":"repeat","background-position":"center center","background-size":"auto","background-attachment":"scroll","background-type":"","background-media":"","overlay-type":"","overlay-color":"","overlay-opacity":"","overlay-gradient":""},"mobile":{"background-color":"","background-image":"","background-repeat":"repeat","background-position":"center center","background-size":"auto","background-attachment":"scroll","background-type":"","background-media":"","overlay-type":"","overlay-color":"","overlay-opacity":"","overlay-gradient":""}},"ast-content-background-meta":{"desktop":{"background-color":"var(--ast-global-color-5)","background-image":"","background-repeat":"repeat","background-position":"center center","background-size":"auto","background-attachment":"scroll","background-type":"","background-media":"","overlay-type":"","overlay-color":"","overlay-opacity":"","overlay-gradient":""},"tablet":{"background-color":"var(--ast-global-color-5)","background-image":"","background-repeat":"repeat","background-position":"center center","background-size":"auto","background-attachment":"scroll","background-type":"","background-media":"","overlay-type":"","overlay-color":"","overlay-opacity":"","overlay-gradient":""},"mobile":{"background-color":"var(--ast-global-color-5)","background-image":"","background-repeat":"repeat","background-position":"center center","background-size":"auto","background-attachment":"scroll","background-type":"","background-media":"","overlay-type":"","overlay-color":"","overlay-opacity":"","overlay-gradient":""}},"footnotes":""},"class_list":["post-886","page","type-page","status-publish","hentry"],"_links":{"self":[{"href":"https:\/\/fietsverhuurdousberg.nl\/fr\/wp-json\/wp\/v2\/pages\/886","targetHints":{"allow":["GET"]}}],"collection":[{"href":"https:\/\/fietsverhuurdousberg.nl\/fr\/wp-json\/wp\/v2\/pages"}],"about":[{"href":"https:\/\/fietsverhuurdousberg.nl\/fr\/wp-json\/wp\/v2\/types\/page"}],"author":[{"embeddable":true,"href":"https:\/\/fietsverhuurdousberg.nl\/fr\/wp-json\/wp\/v2\/users\/1"}],"replies":[{"embeddable":true,"href":"https:\/\/fietsverhuurdousberg.nl\/fr\/wp-json\/wp\/v2\/comments?post=886"}],"version-history":[{"count":305,"href":"https:\/\/fietsverhuurdousberg.nl\/fr\/wp-json\/wp\/v2\/pages\/886\/revisions"}],"predecessor-version":[{"id":4258,"href":"https:\/\/fietsverhuurdousberg.nl\/fr\/wp-json\/wp\/v2\/pages\/886\/revisions\/4258"}],"wp:attachment":[{"href":"https:\/\/fietsverhuurdousberg.nl\/fr\/wp-json\/wp\/v2\/media?parent=886"}],"curies":[{"name":"wp","href":"https:\/\/api.w.org\/{rel}","templated":true}]}}